{"id":7070,"date":"2025-06-25T19:02:07","date_gmt":"2025-06-25T23:02:07","guid":{"rendered":"https:\/\/ctacnc.ca\/?post_type=product&#038;p=7070"},"modified":"2025-06-25T19:37:40","modified_gmt":"2025-06-25T23:37:40","slug":"cosen-m-1018ja-horizontal-scissors-type-band-saw","status":"publish","type":"product","link":"https:\/\/ctacnc.ca\/en\/pieces\/cosen-m-1018ja-horizontal-scissors-type-band-saw\/","title":{"rendered":"Cosen M-1018JA \u2013 Horizontal Scissors-Type Band Saw"},"content":{"rendered":"","protected":false},"excerpt":{"rendered":"<div class=\"row\">\n<div class=\"col-12 col-md-6\">\n<h3 class=\"has-wpdc-small-font-size text-uppercase has-orange-color mb-1\">VIDEO<\/h3>\n<p><a href=\"https:\/\/www.youtube.com\/watch?v=ODvNYWaaYIs\" data-fancybox=\"\"><i class=\"fab fa-youtube\"><\/i> Watch<\/a><\/p>\n<\/div>\n<\/div>\n<h3 class=\"has-wpdc-small-font-size text-uppercase has-orange-color mb-1\">DESCRIPTION<\/p>\n<\/h3>\n<p>The MH-1018JA horizontal scissors-type band saw from Cosen is equipped with a manual vise and adjustable hydraulic feed. This band saw is ideal for small to medium-sized machine shops, maintenance workshops, metal fabrication workshops, schools, and limited-series production work. It is an excellent machine for cutting square, round, and rectangular solids, as well as tubing materials. Its solid construction ensures many years of reliability and high-performance precision.   <\/p>\n<h3 class=\"has-wpdc-small-font-size text-uppercase has-orange-color mb-1\">STANDARD FEATURES<\/p>\n<\/h3>\n<ul>\n<li>Robust and powerful gearbox to support the tension of the saw blade<\/li>\n<li>The head does not pivot, only the vise does<\/li>\n<li>Tungsten carbide blade guide and bearing<\/li>\n<li>Quick-release vise<\/li>\n<li>Precise hydraulic blade feed<\/li>\n<li>Automatic shutoff once the cut is complete<\/li>\n<li>Rigid base and cast bed<\/li>\n<li>Coolant supply<\/li>\n<li>Chip collector<\/li>\n<li>Industrial coolant pump<\/li>\n<li>Bi-metal saw blade<\/li>\n<li>Toolbox, leveling pads, additional metal brush<\/li>\n<\/ul>\n<p><strong>TECHNICAL SPECIFICATIONS<\/strong><\/p>\n<table id=\"theTable\" class=\"footable table outerBorder footable-1 breakpoint-small\" dir=\"auto\" data-paging=\"false\" data-cascade=\"true\" data-filter-min=\"3\" data-paging-size=\"5\" data-useparentwidth=\"true\" data-filter-container=\"#filterBox\" data-filter-connectors=\"false\" data-use-parent-width=\"false\" data-sorting=\"false\" data-filtering=\"false\" data-filter-filters=\"[]\" data-filter-placeholder=\"Search\" data-filter-position=\"right\" data-show-header=\"true\">\n<tbody>\n<tr class=\"footableEven\">\n<td class=\"wixColumns footable-first-visible\">Round Capacity <\/td>\n<td class=\"wixColumns footable-last-visible\">10\u2033 <\/td>\n<\/tr>\n<tr class=\"footableOdd\">\n<td class=\"wixColumns footable-first-visible\">Rectangular Capacity (HxW) <\/td>\n<td class=\"wixColumns footable-last-visible\">9\u2033 x 16.5\u2033 <\/td>\n<\/tr>\n<tr class=\"footableEven\">\n<td class=\"wixColumns footable-first-visible\">Blade Speed <\/td>\n<td class=\"wixColumns footable-last-visible\">60Hz: 75, 121, 190, 305 FPM <\/td>\n<\/tr>\n<tr class=\"footableOdd\">\n<td class=\"wixColumns footable-first-visible\">Blade Size (LxWxT) <\/td>\n<td class=\"wixColumns footable-last-visible\">11\u2032 6\u2033 x 1\u2033 x .035\u2033 <\/td>\n<\/tr>\n<tr class=\"footableEven\">\n<td class=\"wixColumns footable-first-visible\">Blade Motor <\/td>\n<td class=\"wixColumns footable-last-visible\">2 HP <\/td>\n<\/tr>\n<tr class=\"footableOdd\">\n<td class=\"wixColumns footable-first-visible\">Coolant Motor <\/td>\n<td class=\"wixColumns footable-last-visible\">1\/8 HP <\/td>\n<\/tr>\n<tr class=\"footableEven\">\n<td class=\"wixColumns footable-first-visible\">Coolant Tank Capacity <\/td>\n<td class=\"wixColumns footable-last-visible\">\u2014 <\/td>\n<\/tr>\n<tr class=\"footableOdd\">\n<td class=\"wixColumns footable-first-visible\">Hydraulic Tank Capacity <\/td>\n<td class=\"wixColumns footable-last-visible\">\u2014 <\/td>\n<\/tr>\n<tr class=\"footableEven\">\n<td class=\"wixColumns footable-first-visible\">Workbed Height <\/td>\n<td class=\"wixColumns footable-last-visible\">25.6\u2033 <\/td>\n<\/tr>\n<tr class=\"footableOdd\">\n<td class=\"wixColumns footable-first-visible\">Weight <\/td>\n<td class=\"wixColumns footable-last-visible\">950 lbs <\/td>\n<\/tr>\n<tr class=\"footableEven\">\n<td class=\"wixColumns footable-first-visible\">Floorspace (LxWxH) <\/td>\n<td class=\"wixColumns footable-last-visible\">\n<p>68\u2033 x 29\u2033 x 41\u2033 <\/p>\n<\/td>\n<\/tr>\n<\/tbody>\n<\/table>\n","protected":false},"featured_media":4691,"template":"","meta":{"_acf_changed":false,"inline_featured_image":false},"product_brand":[],"product_cat":[130,136],"product_tag":[],"class_list":{"0":"post-7070","1":"product","2":"type-product","3":"status-publish","4":"has-post-thumbnail","6":"product_cat-equipment","7":"product_cat-industrial-saws","9":"first","10":"instock","11":"taxable","12":"shipping-taxable","13":"product-type-simple"},"acf":[],"yoast_head":"<!-- This site is optimized with the Yoast SEO plugin v27.4 - https:\/\/yoast.com\/product\/yoast-seo-wordpress\/ -->\n<title>Cosen M-1018JA \u2013 Horizontal Scissors-Type Band Saw - CTA CNC<\/title>\n<meta name=\"description\" content=\"La scie \u00e0 ruban horizontale \u00e0 ciseaux mod\u00e8le MH-1018JA de Cosen est \u00e9quip\u00e9e d&#039;un \u00e9tau manuel et d&#039;une alimentation hydraulique r\u00e9glable. C&#039;est une scie \u00e0 ruban id\u00e9ale pour les petits et moyens ateliers d&#039;usinage.\" \/>\n<meta name=\"robots\" content=\"index, follow, max-snippet:-1, max-image-preview:large, max-video-preview:-1\" \/>\n<link rel=\"canonical\" href=\"https:\/\/ctacnc.ca\/en\/pieces\/cosen-m-1018ja-horizontal-scissors-type-band-saw\/\" \/>\n<meta property=\"og:locale\" content=\"en_US\" \/>\n<meta property=\"og:type\" content=\"article\" \/>\n<meta property=\"og:title\" content=\"Cosen M-1018JA \u2013 Horizontal Scissors-Type Band Saw - CTA CNC\" \/>\n<meta property=\"og:description\" content=\"La scie \u00e0 ruban horizontale \u00e0 ciseaux mod\u00e8le MH-1018JA de Cosen est \u00e9quip\u00e9e d&#039;un \u00e9tau manuel et d&#039;une alimentation hydraulique r\u00e9glable. C&#039;est une scie \u00e0 ruban id\u00e9ale pour les petits et moyens ateliers d&#039;usinage.\" \/>\n<meta property=\"og:url\" content=\"https:\/\/ctacnc.ca\/en\/pieces\/cosen-m-1018ja-horizontal-scissors-type-band-saw\/\" \/>\n<meta property=\"og:site_name\" content=\"CTA CNC\" \/>\n<meta property=\"article:modified_time\" content=\"2025-06-25T23:37:40+00:00\" \/>\n<meta property=\"og:image\" content=\"https:\/\/ctacnc.ca\/wp-content\/uploads\/2024\/06\/scie-cosen-M-1018JA-bande-horizontale-ciseaux.webp\" \/>\n\t<meta property=\"og:image:width\" content=\"980\" \/>\n\t<meta property=\"og:image:height\" content=\"689\" \/>\n\t<meta property=\"og:image:type\" content=\"image\/webp\" \/>\n<meta name=\"twitter:card\" content=\"summary_large_image\" \/>\n<script type=\"application\/ld+json\" class=\"yoast-schema-graph\">{\"@context\":\"https:\\\/\\\/schema.org\",\"@graph\":[{\"@type\":\"WebPage\",\"@id\":\"https:\\\/\\\/ctacnc.ca\\\/en\\\/pieces\\\/cosen-m-1018ja-horizontal-scissors-type-band-saw\\\/\",\"url\":\"https:\\\/\\\/ctacnc.ca\\\/en\\\/pieces\\\/cosen-m-1018ja-horizontal-scissors-type-band-saw\\\/\",\"name\":\"Cosen M-1018JA \u2013 Horizontal Scissors-Type Band Saw - CTA CNC\",\"isPartOf\":{\"@id\":\"https:\\\/\\\/ctacnc.ca\\\/#website\"},\"primaryImageOfPage\":{\"@id\":\"https:\\\/\\\/ctacnc.ca\\\/en\\\/pieces\\\/cosen-m-1018ja-horizontal-scissors-type-band-saw\\\/#primaryimage\"},\"image\":{\"@id\":\"https:\\\/\\\/ctacnc.ca\\\/en\\\/pieces\\\/cosen-m-1018ja-horizontal-scissors-type-band-saw\\\/#primaryimage\"},\"thumbnailUrl\":\"https:\\\/\\\/ctacnc.ca\\\/wp-content\\\/uploads\\\/2024\\\/06\\\/scie-cosen-M-1018JA-bande-horizontale-ciseaux.webp\",\"datePublished\":\"2025-06-25T23:02:07+00:00\",\"dateModified\":\"2025-06-25T23:37:40+00:00\",\"description\":\"La scie \u00e0 ruban horizontale \u00e0 ciseaux mod\u00e8le MH-1018JA de Cosen est \u00e9quip\u00e9e d'un \u00e9tau manuel et d'une alimentation hydraulique r\u00e9glable. C'est une scie \u00e0 ruban id\u00e9ale pour les petits et moyens ateliers d'usinage.\",\"breadcrumb\":{\"@id\":\"https:\\\/\\\/ctacnc.ca\\\/en\\\/pieces\\\/cosen-m-1018ja-horizontal-scissors-type-band-saw\\\/#breadcrumb\"},\"inLanguage\":\"en-US\",\"potentialAction\":[{\"@type\":\"ReadAction\",\"target\":[\"https:\\\/\\\/ctacnc.ca\\\/en\\\/pieces\\\/cosen-m-1018ja-horizontal-scissors-type-band-saw\\\/\"]}]},{\"@type\":\"ImageObject\",\"inLanguage\":\"en-US\",\"@id\":\"https:\\\/\\\/ctacnc.ca\\\/en\\\/pieces\\\/cosen-m-1018ja-horizontal-scissors-type-band-saw\\\/#primaryimage\",\"url\":\"https:\\\/\\\/ctacnc.ca\\\/wp-content\\\/uploads\\\/2024\\\/06\\\/scie-cosen-M-1018JA-bande-horizontale-ciseaux.webp\",\"contentUrl\":\"https:\\\/\\\/ctacnc.ca\\\/wp-content\\\/uploads\\\/2024\\\/06\\\/scie-cosen-M-1018JA-bande-horizontale-ciseaux.webp\",\"width\":980,\"height\":689,\"caption\":\"scie-cosen-M-1018JA-bande-horizontale-ciseaux\"},{\"@type\":\"BreadcrumbList\",\"@id\":\"https:\\\/\\\/ctacnc.ca\\\/en\\\/pieces\\\/cosen-m-1018ja-horizontal-scissors-type-band-saw\\\/#breadcrumb\",\"itemListElement\":[{\"@type\":\"ListItem\",\"position\":1,\"name\":\"Accueil\",\"item\":\"https:\\\/\\\/ctacnc.ca\\\/en\\\/\"},{\"@type\":\"ListItem\",\"position\":2,\"name\":\"Products\",\"item\":\"https:\\\/\\\/ctacnc.ca\\\/en\\\/cnc-parts-machines\\\/\"},{\"@type\":\"ListItem\",\"position\":3,\"name\":\"Cosen M-1018JA \u2013 Horizontal Scissors-Type Band Saw\"}]},{\"@type\":\"WebSite\",\"@id\":\"https:\\\/\\\/ctacnc.ca\\\/#website\",\"url\":\"https:\\\/\\\/ctacnc.ca\\\/\",\"name\":\"CTA CNC\",\"description\":\"\",\"potentialAction\":[{\"@type\":\"SearchAction\",\"target\":{\"@type\":\"EntryPoint\",\"urlTemplate\":\"https:\\\/\\\/ctacnc.ca\\\/?s={search_term_string}\"},\"query-input\":{\"@type\":\"PropertyValueSpecification\",\"valueRequired\":true,\"valueName\":\"search_term_string\"}}],\"inLanguage\":\"en-US\"}]}<\/script>\n<!-- \/ Yoast SEO plugin. -->","yoast_head_json":{"title":"Cosen M-1018JA \u2013 Horizontal Scissors-Type Band Saw - CTA CNC","description":"La scie \u00e0 ruban horizontale \u00e0 ciseaux mod\u00e8le MH-1018JA de Cosen est \u00e9quip\u00e9e d'un \u00e9tau manuel et d'une alimentation hydraulique r\u00e9glable. C'est une scie \u00e0 ruban id\u00e9ale pour les petits et moyens ateliers d'usinage.","robots":{"index":"index","follow":"follow","max-snippet":"max-snippet:-1","max-image-preview":"max-image-preview:large","max-video-preview":"max-video-preview:-1"},"canonical":"https:\/\/ctacnc.ca\/en\/pieces\/cosen-m-1018ja-horizontal-scissors-type-band-saw\/","og_locale":"en_US","og_type":"article","og_title":"Cosen M-1018JA \u2013 Horizontal Scissors-Type Band Saw - CTA CNC","og_description":"La scie \u00e0 ruban horizontale \u00e0 ciseaux mod\u00e8le MH-1018JA de Cosen est \u00e9quip\u00e9e d'un \u00e9tau manuel et d'une alimentation hydraulique r\u00e9glable. C'est une scie \u00e0 ruban id\u00e9ale pour les petits et moyens ateliers d'usinage.","og_url":"https:\/\/ctacnc.ca\/en\/pieces\/cosen-m-1018ja-horizontal-scissors-type-band-saw\/","og_site_name":"CTA CNC","article_modified_time":"2025-06-25T23:37:40+00:00","og_image":[{"width":980,"height":689,"url":"https:\/\/ctacnc.ca\/wp-content\/uploads\/2024\/06\/scie-cosen-M-1018JA-bande-horizontale-ciseaux.webp","type":"image\/webp"}],"twitter_card":"summary_large_image","schema":{"@context":"https:\/\/schema.org","@graph":[{"@type":"WebPage","@id":"https:\/\/ctacnc.ca\/en\/pieces\/cosen-m-1018ja-horizontal-scissors-type-band-saw\/","url":"https:\/\/ctacnc.ca\/en\/pieces\/cosen-m-1018ja-horizontal-scissors-type-band-saw\/","name":"Cosen M-1018JA \u2013 Horizontal Scissors-Type Band Saw - CTA CNC","isPartOf":{"@id":"https:\/\/ctacnc.ca\/#website"},"primaryImageOfPage":{"@id":"https:\/\/ctacnc.ca\/en\/pieces\/cosen-m-1018ja-horizontal-scissors-type-band-saw\/#primaryimage"},"image":{"@id":"https:\/\/ctacnc.ca\/en\/pieces\/cosen-m-1018ja-horizontal-scissors-type-band-saw\/#primaryimage"},"thumbnailUrl":"https:\/\/ctacnc.ca\/wp-content\/uploads\/2024\/06\/scie-cosen-M-1018JA-bande-horizontale-ciseaux.webp","datePublished":"2025-06-25T23:02:07+00:00","dateModified":"2025-06-25T23:37:40+00:00","description":"La scie \u00e0 ruban horizontale \u00e0 ciseaux mod\u00e8le MH-1018JA de Cosen est \u00e9quip\u00e9e d'un \u00e9tau manuel et d'une alimentation hydraulique r\u00e9glable. C'est une scie \u00e0 ruban id\u00e9ale pour les petits et moyens ateliers d'usinage.","breadcrumb":{"@id":"https:\/\/ctacnc.ca\/en\/pieces\/cosen-m-1018ja-horizontal-scissors-type-band-saw\/#breadcrumb"},"inLanguage":"en-US","potentialAction":[{"@type":"ReadAction","target":["https:\/\/ctacnc.ca\/en\/pieces\/cosen-m-1018ja-horizontal-scissors-type-band-saw\/"]}]},{"@type":"ImageObject","inLanguage":"en-US","@id":"https:\/\/ctacnc.ca\/en\/pieces\/cosen-m-1018ja-horizontal-scissors-type-band-saw\/#primaryimage","url":"https:\/\/ctacnc.ca\/wp-content\/uploads\/2024\/06\/scie-cosen-M-1018JA-bande-horizontale-ciseaux.webp","contentUrl":"https:\/\/ctacnc.ca\/wp-content\/uploads\/2024\/06\/scie-cosen-M-1018JA-bande-horizontale-ciseaux.webp","width":980,"height":689,"caption":"scie-cosen-M-1018JA-bande-horizontale-ciseaux"},{"@type":"BreadcrumbList","@id":"https:\/\/ctacnc.ca\/en\/pieces\/cosen-m-1018ja-horizontal-scissors-type-band-saw\/#breadcrumb","itemListElement":[{"@type":"ListItem","position":1,"name":"Accueil","item":"https:\/\/ctacnc.ca\/en\/"},{"@type":"ListItem","position":2,"name":"Products","item":"https:\/\/ctacnc.ca\/en\/cnc-parts-machines\/"},{"@type":"ListItem","position":3,"name":"Cosen M-1018JA \u2013 Horizontal Scissors-Type Band Saw"}]},{"@type":"WebSite","@id":"https:\/\/ctacnc.ca\/#website","url":"https:\/\/ctacnc.ca\/","name":"CTA CNC","description":"","potentialAction":[{"@type":"SearchAction","target":{"@type":"EntryPoint","urlTemplate":"https:\/\/ctacnc.ca\/?s={search_term_string}"},"query-input":{"@type":"PropertyValueSpecification","valueRequired":true,"valueName":"search_term_string"}}],"inLanguage":"en-US"}]}},"_links":{"self":[{"href":"https:\/\/ctacnc.ca\/en\/wp-json\/wp\/v2\/product\/7070","targetHints":{"allow":["GET"]}}],"collection":[{"href":"https:\/\/ctacnc.ca\/en\/wp-json\/wp\/v2\/product"}],"about":[{"href":"https:\/\/ctacnc.ca\/en\/wp-json\/wp\/v2\/types\/product"}],"version-history":[{"count":0,"href":"https:\/\/ctacnc.ca\/en\/wp-json\/wp\/v2\/product\/7070\/revisions"}],"wp:featuredmedia":[{"embeddable":true,"href":"https:\/\/ctacnc.ca\/en\/wp-json\/wp\/v2\/media\/4691"}],"wp:attachment":[{"href":"https:\/\/ctacnc.ca\/en\/wp-json\/wp\/v2\/media?parent=7070"}],"wp:term":[{"taxonomy":"product_brand","embeddable":true,"href":"https:\/\/ctacnc.ca\/en\/wp-json\/wp\/v2\/product_brand?post=7070"},{"taxonomy":"product_cat","embeddable":true,"href":"https:\/\/ctacnc.ca\/en\/wp-json\/wp\/v2\/product_cat?post=7070"},{"taxonomy":"product_tag","embeddable":true,"href":"https:\/\/ctacnc.ca\/en\/wp-json\/wp\/v2\/product_tag?post=7070"}],"curies":[{"name":"wp","href":"https:\/\/api.w.org\/{rel}","templated":true}]}}